{"id":1283,"date":"2026-03-08T13:56:49","date_gmt":"2026-03-08T13:56:49","guid":{"rendered":"https:\/\/test.kobaltransporti.si\/?page_id=1283"},"modified":"2026-04-06T16:56:21","modified_gmt":"2026-04-06T16:56:21","slug":"skladistenje","status":"publish","type":"page","link":"https:\/\/test.kobaltransporti.si\/?page_id=1283","title":{"rendered":"Skladi\u0161\u010denje"},"content":{"rendered":"","protected":false},"excerpt":{"rendered":"<p>Odajamo ve\u010d kot 70.000 m2 modernega skladi\u0161\u010dnega prostora na lokaciji&#8230; <\/p>\n","protected":false},"author":1,"featured_media":0,"parent":0,"menu_order":0,"comment_status":"closed","ping_status":"closed","template":"","meta":{"footnotes":""},"class_list":["post-1283","page","type-page","status-publish","hentry"],"_links":{"self":[{"href":"https:\/\/test.kobaltransporti.si\/index.php?rest_route=\/wp\/v2\/pages\/1283","targetHints":{"allow":["GET"]}}],"collection":[{"href":"https:\/\/test.kobaltransporti.si\/index.php?rest_route=\/wp\/v2\/pages"}],"about":[{"href":"https:\/\/test.kobaltransporti.si\/index.php?rest_route=\/wp\/v2\/types\/page"}],"author":[{"embeddable":true,"href":"https:\/\/test.kobaltransporti.si\/index.php?rest_route=\/wp\/v2\/users\/1"}],"replies":[{"embeddable":true,"href":"https:\/\/test.kobaltransporti.si\/index.php?rest_route=%2Fwp%2Fv2%2Fcomments&post=1283"}],"version-history":[{"count":6,"href":"https:\/\/test.kobaltransporti.si\/index.php?rest_route=\/wp\/v2\/pages\/1283\/revisions"}],"predecessor-version":[{"id":1481,"href":"https:\/\/test.kobaltransporti.si\/index.php?rest_route=\/wp\/v2\/pages\/1283\/revisions\/1481"}],"wp:attachment":[{"href":"https:\/\/test.kobaltransporti.si\/index.php?rest_route=%2Fwp%2Fv2%2Fmedia&parent=1283"}],"curies":[{"name":"wp","href":"https:\/\/api.w.org\/{rel}","templated":true}]}}