{"id":1271,"date":"2026-03-08T13:44:45","date_gmt":"2026-03-08T13:44:45","guid":{"rendered":"https:\/\/test.kobaltransporti.si\/?page_id=1271"},"modified":"2026-03-15T14:30:09","modified_gmt":"2026-03-15T14:30:09","slug":"novice","status":"publish","type":"page","link":"https:\/\/test.kobaltransporti.si\/?page_id=1271","title":{"rendered":"Novice"},"content":{"rendered":"\n<h2 class=\"wp-block-heading\">Kobal Transporti in dm drogerie&nbsp;z novim elektri\u010dnim tovornjakom<\/h2>\n\n\n<div class=\"wp-block-image\">\n<figure class=\"alignleft size-full is-resized\"><img loading=\"lazy\" decoding=\"async\" width=\"635\" height=\"354\" src=\"https:\/\/test.kobaltransporti.si\/wp-content\/uploads\/2026\/03\/KOBAL_DM_elektricni_tovornjak.jpg\" alt=\"\" class=\"wp-image-1408\" style=\"aspect-ratio:1.7938358789073192;width:531px;height:auto\" srcset=\"https:\/\/test.kobaltransporti.si\/wp-content\/uploads\/2026\/03\/KOBAL_DM_elektricni_tovornjak.jpg 635w, https:\/\/test.kobaltransporti.si\/wp-content\/uploads\/2026\/03\/KOBAL_DM_elektricni_tovornjak-300x167.jpg 300w, https:\/\/test.kobaltransporti.si\/wp-content\/uploads\/2026\/03\/KOBAL_DM_elektricni_tovornjak-540x300.jpg 540w\" sizes=\"auto, (max-width: 635px) 100vw, 635px\" \/><\/figure>\n<\/div>\n\n\n<p><strong><a href=\"https:\/\/www.kobaltransporti.si\/wp-content\/uploads\/2025\/03\/KOBAL_DM_elektricni_tovornjak.jpg\"><\/a>Kobal Transporti v partnerstvu z podjetjem dm drogerie Slovenija je naredilo velik korak v smeri trajnosti v dostavni verigi. Za dostavo blaga do DM prodajalni uvajajo popolnoma elektri\u010dno tovorno vozilo, ki predstavlja pomemben mejnik v trajnostnem razvoju podjetja.<\/strong><\/p>\n\n\n\n<p>Elektri\u010dno tovorno vozilo je zasnovano tako, da izpolnjuje visoke standarde podjetja DM glede trajnosti in u\u010dinkovitosti. S svojo zmogljivostjo in zanesljivostjo zlahka konkurira tradicionalnim vozilom na fosilna goriva, obenem pa omogo\u010da nemoteno dostavo blaga v njihove prodajalne.<\/p>\n\n\n\n<p>Na vozilu je zaprta furgon nadgradnja in elektri\u010dna nakladalna plo\u0161\u010dad, v tovornem prostoru pa je prostora za 16 palet in najve\u010djo nosilnost 5360 kg. Tovornjak razvije najvi\u0161jo hitrost 90 km\/h, povpre\u010dna poraba pa zna\u0161a 1 kWh na kilometer, maksimalni doseg ob enem polnjenju pa je 220 km.<\/p>\n\n\n\n<p>Na mese\u010dni ravni iz logisti\u010dnega centra Ljubljana z novim elektri\u010dnim tovornim vozilom prepeljejo ve\u010d kot 20 % vseh palet in opravijo pribli\u017eno 10 % vseh kilometrov. Elektri\u010dno tovorno vozilo na kilometer proizvede 71 % manj emisij CO2 v primerjavi z vozilom na dizelski pogon. Prihranek na skupno \u0161tevilo vseh opravljenih kilometrov za dostave blaga v njihove prodajalne letno zna\u0161a pribli\u017eno 10 % celotnega izpusta CO2.<\/p>\n\n\n\n<p>Z elektri\u010dnim tovornim vozilom sta podjetja Kobal Transporti in dm drogerie markt naredila pomemben korak k zmanj\u0161anju oglji\u010dnega odtisa in izbolj\u0161anju trajnosti logisti\u010dnih operacij.<\/p>\n\n\n\n<p>Preberite ve\u010d na:&nbsp;<a href=\"https:\/\/www.revija-tranzit.si\/gospodarska-vozila\/kobal-in-dm-z-novim-elektricnim-tovornjakom\" target=\"_blank\" rel=\"noreferrer noopener\">Kobal in dm z novim elektri\u010dnim tovornjakom \u2013 Revija TRANZIT<\/a><\/p>\n","protected":false},"excerpt":{"rendered":"<p>Kobal Transporti in dm drogerie&nbsp;z novim elektri\u010dnim tovornjakom Kobal Transporti v partnerstvu z podjetjem dm drogerie Slovenija je naredilo velik korak v smeri trajnosti v dostavni verigi. Za dostavo blaga do DM prodajalni uvajajo popolnoma elektri\u010dno tovorno vozilo, ki predstavlja pomemben mejnik v trajnostnem razvoju podjetja. Elektri\u010dno tovorno vozilo je&#8230;<\/p>\n","protected":false},"author":1,"featured_media":0,"parent":0,"menu_order":0,"comment_status":"closed","ping_status":"closed","template":"","meta":{"footnotes":""},"class_list":["post-1271","page","type-page","status-publish","hentry"],"_links":{"self":[{"href":"https:\/\/test.kobaltransporti.si\/index.php?rest_route=\/wp\/v2\/pages\/1271","targetHints":{"allow":["GET"]}}],"collection":[{"href":"https:\/\/test.kobaltransporti.si\/index.php?rest_route=\/wp\/v2\/pages"}],"about":[{"href":"https:\/\/test.kobaltransporti.si\/index.php?rest_route=\/wp\/v2\/types\/page"}],"author":[{"embeddable":true,"href":"https:\/\/test.kobaltransporti.si\/index.php?rest_route=\/wp\/v2\/users\/1"}],"replies":[{"embeddable":true,"href":"https:\/\/test.kobaltransporti.si\/index.php?rest_route=%2Fwp%2Fv2%2Fcomments&post=1271"}],"version-history":[{"count":3,"href":"https:\/\/test.kobaltransporti.si\/index.php?rest_route=\/wp\/v2\/pages\/1271\/revisions"}],"predecessor-version":[{"id":1411,"href":"https:\/\/test.kobaltransporti.si\/index.php?rest_route=\/wp\/v2\/pages\/1271\/revisions\/1411"}],"wp:attachment":[{"href":"https:\/\/test.kobaltransporti.si\/index.php?rest_route=%2Fwp%2Fv2%2Fmedia&parent=1271"}],"curies":[{"name":"wp","href":"https:\/\/api.w.org\/{rel}","templated":true}]}}