{"id":1263,"date":"2026-03-08T13:42:22","date_gmt":"2026-03-08T13:42:22","guid":{"rendered":"https:\/\/test.kobaltransporti.si\/?page_id=1263"},"modified":"2026-04-06T17:30:04","modified_gmt":"2026-04-06T17:30:04","slug":"o-podjetju","status":"publish","type":"page","link":"https:\/\/test.kobaltransporti.si\/?page_id=1263","title":{"rendered":"O podjetju"},"content":{"rendered":"\n<h3 class=\"wp-block-heading\">Podjetje Kobal Transporti je hitro rasto\u010de, dinami\u010dno podjetje z mlado in ambiciozno ekipo<\/h3>\n\n\n<div class=\"wp-block-image is-style-default\">\n<figure class=\"alignleft size-full is-resized\"><img loading=\"lazy\" decoding=\"async\" width=\"803\" height=\"357\" src=\"https:\/\/test.kobaltransporti.si\/wp-content\/uploads\/2026\/03\/uprava.png\" alt=\"\" class=\"wp-image-1329\" style=\"aspect-ratio:2.2494066094577323;width:489px;height:auto\" srcset=\"https:\/\/test.kobaltransporti.si\/wp-content\/uploads\/2026\/03\/uprava.png 803w, https:\/\/test.kobaltransporti.si\/wp-content\/uploads\/2026\/03\/uprava-300x133.png 300w, https:\/\/test.kobaltransporti.si\/wp-content\/uploads\/2026\/03\/uprava-768x341.png 768w\" sizes=\"auto, (max-width: 803px) 100vw, 803px\" \/><\/figure>\n<\/div>\n\n\n<p>Podjetje je bilo ustanovljeno leta 1995 z enim samim tovornjakom.<\/p>\n\n\n\n<p>Z na\u010drtnim razvojem, nenehnim prilagajanjem zahtevam trga ter sistemati\u010dnimi vlaganji v vozni park in kadre smo skozi leta zrasli v enega vodilnih logisti\u010dnih partnerjev v Sloveniji. <\/p>\n\n\n\n<p>Danes z ve\u010d kot 600 vozili vse dni v letu zagotavljamo zanesljivo oskrbo slovenskega in celotnega evropskega trga, pri \u010demer aktivno poslujemo tudi v Italiji, na Mad\u017earskem in Hrva\u0161kem.<\/p>\n\n\n\n<p>Na\u0161e poslovanje je osredoto\u010deno na celovite logisti\u010dne re\u0161itve, kjer glavno dejavnost predstavlja transport \u2013 tako v notranjem kot mednarodnem prometu. Posebej smo specializirani za prevoze \u017eivil pod nadzorovanim temperaturnim re\u017eimom ter za ADR prevoze (prevoz nevarnih snovi). Poleg transporta pomemben del na\u0161ih storitev predstavljajo tudi skladi\u0161\u010denje in distribucija blaga, s \u010dimer strankam zagotavljamo celostno logisti\u010dno podporo.<\/p>\n\n\n<div class=\"wp-block-image\">\n<figure class=\"alignright size-full is-resized\"><img loading=\"lazy\" decoding=\"async\" width=\"980\" height=\"760\" src=\"https:\/\/test.kobaltransporti.si\/wp-content\/uploads\/2026\/04\/zemljevid.png\" alt=\"\" class=\"wp-image-1485\" style=\"aspect-ratio:1.2894869396272577;width:366px;height:auto\" srcset=\"https:\/\/test.kobaltransporti.si\/wp-content\/uploads\/2026\/04\/zemljevid.png 980w, https:\/\/test.kobaltransporti.si\/wp-content\/uploads\/2026\/04\/zemljevid-300x233.png 300w, https:\/\/test.kobaltransporti.si\/wp-content\/uploads\/2026\/04\/zemljevid-768x596.png 768w\" sizes=\"auto, (max-width: 980px) 100vw, 980px\" \/><\/figure>\n<\/div>\n\n\n<p>Z uporabo sodobnih logisti\u010dnih re\u0161itev zagotavljamo stalno sledljivost vozil ter natan\u010den nadzor nad transportnimi procesi, vklju\u010dno s kontrolo temperature tovora, kar omogo\u010da visoko raven varnosti, zanesljivosti in kakovosti storitev.<\/p>\n\n\n\n<p>Neprestano vlagamo v razvoj tehnologije in optimizacijo procesov, s \u010dimer pove\u010dujemo u\u010dinkovitost poslovanja ter nadgrajujemo kakovost storitev, ki predstavlja temelj na\u0161ega delovanja.<\/p>\n\n\n\n<p>Uspeh podjetja temelji na strokovno usposobljenih in predanih zaposlenih, ki soustvarjajo kulturo zaupanja, sodelovanja in odgovornosti. Pomemben del na\u0161ega delovanja je u\u010dinkovita izmenjava znanja in informacij med oddelki, saj verjamemo, da je povezano in usklajeno delovanje klju\u010d do vrhunskih logisti\u010dnih storitev.<\/p>\n\n\n\n<p>Z rednim izobra\u017eevanjem, sistemom nagrajevanja ter organiziranimi sre\u010danji spodbujamo razvoj zaposlenih in krepimo sodelovanje med ekipami.<\/p>\n\n\n\n<hr class=\"wp-block-separator has-alpha-channel-opacity\"\/>\n\n\n\n<div class=\"wp-block-media-text is-stacked-on-mobile is-vertically-aligned-center is-image-fill-element\" style=\"grid-template-columns:44% auto\"><figure class=\"wp-block-media-text__media\"><img loading=\"lazy\" decoding=\"async\" width=\"830\" height=\"490\" src=\"https:\/\/test.kobaltransporti.si\/wp-content\/uploads\/2026\/03\/kobal-e1773340925162.jpg\" alt=\"\" class=\"wp-image-1333 size-full\" style=\"object-position:50% 50%\" srcset=\"https:\/\/test.kobaltransporti.si\/wp-content\/uploads\/2026\/03\/kobal-e1773340925162.jpg 830w, https:\/\/test.kobaltransporti.si\/wp-content\/uploads\/2026\/03\/kobal-e1773340925162-300x177.jpg 300w, https:\/\/test.kobaltransporti.si\/wp-content\/uploads\/2026\/03\/kobal-e1773340925162-768x453.jpg 768w\" sizes=\"auto, (max-width: 830px) 100vw, 830px\" \/><\/figure><div class=\"wp-block-media-text__content\">\n<h2 class=\"wp-block-heading\">Vrednote na\u0161ega podjetja<\/h2>\n\n\n\n<p>Za\u010detki Kobal Transporta segajo v leto 1995. Tedaj je g. Du\u0161an Kobal \u0161e kot mladeni\u010d, ki ga je o\u010de vpeljal v svet prevozni\u0161tva, za\u010del svojo kariero pri tedanji Jati. S trdim delom in veliko truda so sanje, ki jih je \u017eivel kot otrok, po\u010dasi postajale resni\u010dnost.<\/p>\n\n\n\n<p class=\"has-text-align-left\"><strong>Du\u0161an Kobal<\/strong><br>Direktor<\/p>\n\n\n<div class=\"wp-block-image\">\n<figure class=\"alignleft size-full\"><img loading=\"lazy\" decoding=\"async\" width=\"132\" height=\"57\" src=\"https:\/\/test.kobaltransporti.si\/wp-content\/uploads\/2026\/03\/podpis-kobal.jpg\" alt=\"\" class=\"wp-image-1334\"\/><\/figure>\n<\/div><\/div><\/div>\n","protected":false},"excerpt":{"rendered":"<p>Podjetje Kobal Transporti je hitro rasto\u010de, dinami\u010dno podjetje z mlado in ambiciozno ekipo Podjetje je bilo ustanovljeno leta 1995 z enim samim tovornjakom. Z na\u010drtnim razvojem, nenehnim prilagajanjem zahtevam trga ter sistemati\u010dnimi vlaganji v vozni park in kadre smo skozi leta zrasli v enega vodilnih logisti\u010dnih partnerjev v Sloveniji. Danes&#8230;<\/p>\n","protected":false},"author":1,"featured_media":0,"parent":0,"menu_order":0,"comment_status":"closed","ping_status":"closed","template":"","meta":{"footnotes":""},"class_list":["post-1263","page","type-page","status-publish","hentry"],"_links":{"self":[{"href":"https:\/\/test.kobaltransporti.si\/index.php?rest_route=\/wp\/v2\/pages\/1263","targetHints":{"allow":["GET"]}}],"collection":[{"href":"https:\/\/test.kobaltransporti.si\/index.php?rest_route=\/wp\/v2\/pages"}],"about":[{"href":"https:\/\/test.kobaltransporti.si\/index.php?rest_route=\/wp\/v2\/types\/page"}],"author":[{"embeddable":true,"href":"https:\/\/test.kobaltransporti.si\/index.php?rest_route=\/wp\/v2\/users\/1"}],"replies":[{"embeddable":true,"href":"https:\/\/test.kobaltransporti.si\/index.php?rest_route=%2Fwp%2Fv2%2Fcomments&post=1263"}],"version-history":[{"count":26,"href":"https:\/\/test.kobaltransporti.si\/index.php?rest_route=\/wp\/v2\/pages\/1263\/revisions"}],"predecessor-version":[{"id":1490,"href":"https:\/\/test.kobaltransporti.si\/index.php?rest_route=\/wp\/v2\/pages\/1263\/revisions\/1490"}],"wp:attachment":[{"href":"https:\/\/test.kobaltransporti.si\/index.php?rest_route=%2Fwp%2Fv2%2Fmedia&parent=1263"}],"curies":[{"name":"wp","href":"https:\/\/api.w.org\/{rel}","templated":true}]}}