{"id":1254,"date":"2026-03-08T13:36:41","date_gmt":"2026-03-08T13:36:41","guid":{"rendered":"https:\/\/test.kobaltransporti.si\/?page_id=1254"},"modified":"2026-04-06T17:38:25","modified_gmt":"2026-04-06T17:38:25","slug":"adr-prevozi","status":"publish","type":"page","link":"https:\/\/test.kobaltransporti.si\/?page_id=1254","title":{"rendered":"ADR prevozi"},"content":{"rendered":"\n<h2 class=\"wp-block-heading\">Varno, hitro in zanesljivo do cilja<\/h2>\n\n\n\n<p>Zagotavljamo zanesljive in pravo\u010dasne prevoze, pri katerih je varnost vedno na prvem mestu. Poleg standardnih transportnih storitev nudimo tudi specializirane prevoze za blago, ki zahteva posebno rokovanje in spada v eno izmed skupin nevarnih snovi po ADR (Accord Dangereux Routier \u2013 Evropski sporazum o mednarodnem prevozu nevarnih snovi po cesti).<\/p>\n\n\n\n<p>Na\u0161i izku\u0161eni vozniki so strokovno usposobljeni za ravnanje z razli\u010dnimi vrstami tovora, tudi z materiali, ki zahtevajo posebno pozornost in skrbno obravnavo. Na\u0161a sodobna flota vozil je tehni\u010dno prilagojena za varen in zanesljiv transport nevarnih snovi ter drugih posebnih vrst tovora, kar zagotavlja, da va\u0161e po\u0161iljke prispejo na cilj brez zapletov in v skladu z vsemi predpisi.<\/p>\n","protected":false},"excerpt":{"rendered":"<p>Na\u0161im strankam nudimo tudi prevozne storitve za blago, ki spada v eno izmed skupin nevarnih snovi po ADR&#8230;<\/p>\n","protected":false},"author":1,"featured_media":1493,"parent":0,"menu_order":0,"comment_status":"closed","ping_status":"closed","template":"","meta":{"footnotes":""},"class_list":["post-1254","page","type-page","status-publish","has-post-thumbnail","hentry"],"_links":{"self":[{"href":"https:\/\/test.kobaltransporti.si\/index.php?rest_route=\/wp\/v2\/pages\/1254","targetHints":{"allow":["GET"]}}],"collection":[{"href":"https:\/\/test.kobaltransporti.si\/index.php?rest_route=\/wp\/v2\/pages"}],"about":[{"href":"https:\/\/test.kobaltransporti.si\/index.php?rest_route=\/wp\/v2\/types\/page"}],"author":[{"embeddable":true,"href":"https:\/\/test.kobaltransporti.si\/index.php?rest_route=\/wp\/v2\/users\/1"}],"replies":[{"embeddable":true,"href":"https:\/\/test.kobaltransporti.si\/index.php?rest_route=%2Fwp%2Fv2%2Fcomments&post=1254"}],"version-history":[{"count":4,"href":"https:\/\/test.kobaltransporti.si\/index.php?rest_route=\/wp\/v2\/pages\/1254\/revisions"}],"predecessor-version":[{"id":1381,"href":"https:\/\/test.kobaltransporti.si\/index.php?rest_route=\/wp\/v2\/pages\/1254\/revisions\/1381"}],"wp:featuredmedia":[{"embeddable":true,"href":"https:\/\/test.kobaltransporti.si\/index.php?rest_route=\/wp\/v2\/media\/1493"}],"wp:attachment":[{"href":"https:\/\/test.kobaltransporti.si\/index.php?rest_route=%2Fwp%2Fv2%2Fmedia&parent=1254"}],"curies":[{"name":"wp","href":"https:\/\/api.w.org\/{rel}","templated":true}]}}