{"id":1234,"date":"2026-03-08T12:53:14","date_gmt":"2026-03-08T12:53:14","guid":{"rendered":"https:\/\/test.kobaltransporti.si\/?page_id=1234"},"modified":"2026-03-12T14:17:42","modified_gmt":"2026-03-12T14:17:42","slug":"mednarodni-prevozi","status":"publish","type":"page","link":"https:\/\/test.kobaltransporti.si\/?page_id=1234","title":{"rendered":"Mednarodni transport"},"content":{"rendered":"\n<h6 class=\"wp-block-heading\">Skupaj z vami uresni\u010dujemo logisti\u010dne cilje \u2013 v Sloveniji, sosednjih dr\u017eavah ter po vsej Srednji in Zahodni Evropi<\/h6>\n\n\n<div class=\"wp-block-image is-style-default\">\n<figure class=\"alignleft size-full is-resized\"><img decoding=\"async\" src=\"https:\/\/test.kobaltransporti.si\/wp-content\/uploads\/2026\/03\/kobal_daf.jpg\" alt=\"\" class=\"wp-image-1241\" style=\"aspect-ratio:1.3843260188087774;width:313px;height:auto\"\/><\/figure>\n<\/div>\n\n\n<p>Skupaj z na\u0161imi partnerji vsak dan premikamo meje logistike ter zagotavljamo zanesljive transportne re\u0161itve v Sloveniji, sosednjih dr\u017eavah ter po vsej Srednji in Zahodni Evropi.<\/p>\n\n\n\n<p>Na\u0161 uspeh temelji na zaupanju dolgoletnih poslovnih partnerjev, strokovnem znanju zaposlenih in profesionalnem pristopu k vsakemu projektu. S prilagodljivostjo in stalnim razvojem se uspe\u0161no odzivamo na potrebe sodobnega in hitro spreminjajo\u010dega se trga.<\/p>\n\n\n\n<p>Strankam zagotavljamo u\u010dinkovite re\u0161itve mednarodnega transporta z modernim voznim parkom, ki vklju\u010duje priklopna vozila (tandemi s hladilnimi nadgradnjami) ter polpriklopna vozila s ceradami in hladilnimi prikolicami. Na\u0161 cilj je varen, zanesljiv in pravo\u010dasen transport blaga po celotni Evropi.<\/p>\n\n\n\n<p>Na\u0161o mednarodno prisotnost smo skozi leta sistemati\u010dno \u0161irili. Leta 2014 smo odprli transportno podjetje na Mad\u017earskem, leta 2019 smo raz\u0161irili poslovanje v Italijo, leta 2025 pa \u0161e na Hrva\u0161ko, kjer nadaljujemo razvoj uspe\u0161nega transportnega modela.<\/p>\n\n\n\n<p>Danes na\u0161a skupna flota obsega ve\u010d kot <strong>650 vozil<\/strong>. Vsak dan prepeljemo ve\u010d kot <strong>25.000 palet<\/strong>, pri \u010demer na\u0161a vozila porabijo pribli\u017eno <strong>40.000 litrov goriva dnevno<\/strong>. Skupna dol\u017eina na\u0161ih letnih prevozov pa bi zadostovala, da bi <strong>ve\u010d kot 700-krat obkro\u017eili Zemljo<\/strong>.<\/p>\n","protected":false},"excerpt":{"rendered":"<p>Nudimo organiziranje, prevzem in distribucijo kompletnih in delnih kosovnih po\u0161iljk&#8230;.<\/p>\n","protected":false},"author":1,"featured_media":19,"parent":0,"menu_order":0,"comment_status":"closed","ping_status":"closed","template":"","meta":{"footnotes":""},"class_list":["post-1234","page","type-page","status-publish","has-post-thumbnail","hentry"],"_links":{"self":[{"href":"https:\/\/test.kobaltransporti.si\/index.php?rest_route=\/wp\/v2\/pages\/1234","targetHints":{"allow":["GET"]}}],"collection":[{"href":"https:\/\/test.kobaltransporti.si\/index.php?rest_route=\/wp\/v2\/pages"}],"about":[{"href":"https:\/\/test.kobaltransporti.si\/index.php?rest_route=\/wp\/v2\/types\/page"}],"author":[{"embeddable":true,"href":"https:\/\/test.kobaltransporti.si\/index.php?rest_route=\/wp\/v2\/users\/1"}],"replies":[{"embeddable":true,"href":"https:\/\/test.kobaltransporti.si\/index.php?rest_route=%2Fwp%2Fv2%2Fcomments&post=1234"}],"version-history":[{"count":6,"href":"https:\/\/test.kobaltransporti.si\/index.php?rest_route=\/wp\/v2\/pages\/1234\/revisions"}],"predecessor-version":[{"id":1323,"href":"https:\/\/test.kobaltransporti.si\/index.php?rest_route=\/wp\/v2\/pages\/1234\/revisions\/1323"}],"wp:featuredmedia":[{"embeddable":true,"href":"https:\/\/test.kobaltransporti.si\/index.php?rest_route=\/wp\/v2\/media\/19"}],"wp:attachment":[{"href":"https:\/\/test.kobaltransporti.si\/index.php?rest_route=%2Fwp%2Fv2%2Fmedia&parent=1234"}],"curies":[{"name":"wp","href":"https:\/\/api.w.org\/{rel}","templated":true}]}}